{"id":9,"date":"2018-10-21T08:05:17","date_gmt":"2018-10-21T08:05:17","guid":{"rendered":"https:\/\/pistolier.ch\/wordpress\/?page_id=9"},"modified":"2026-03-13T15:53:35","modified_gmt":"2026-03-13T14:53:35","slug":"home","status":"publish","type":"page","link":"https:\/\/pistolier.ch\/wordpress\/","title":{"rendered":"Home"},"content":{"rendered":"<p>Das ist der Webauftritt der Pistolensch\u00fctzen-Gesellschaft der Stadt Bern.<br \/>Alle sind herzlich willkommen mit uns Kontakt aufzunehmen und bei uns hineinzuschauen. Wir f\u00fchren Interessierte gerne in die Kunst der Konzentration und des Pistolenschiessens ein.<\/p>\n\n\n<figure class=\"wp-block-table is-style-stripes has-small-font-size\"><table><tbody><tr><td>Samstag<\/td><td>25. April 2026<\/td><td><strong>Er\u00f6ffnungsschiessen <\/strong><\/td><td>14.00 &#8211; 16.00 Uhr<\/td><\/tr><tr><td>Mittwoch<\/td><td>06. Mai 2026<\/td><td>Freie \u00dcbung<\/td><td>18.00 &#8211; 20.00 Uhr<\/td><\/tr><tr><td>Freitag<\/td><td>15. Mai 2026<\/td><td><strong>OP-Termin vor Sommerferien<\/strong><\/td><td>18.00 &#8211; 20.00 Uhr<\/td><\/tr><tr><td>Mittwoch<\/td><td>20.Mai 2026<\/td><td>Freie \u00dcbung<\/td><td>18.00 &#8211; 20.00 Uhr<\/td><\/tr><tr><td>Freitag<\/td><td>29. Mai 2026<\/td><td><strong>Feldschiessen (ausw\u00e4rts)<\/strong><\/td><td>18.00 &#8211; 20.00 Uhr<\/td><\/tr><tr><td>Mittwoch<\/td><td>10. Juni 2026<\/td><td>Freie \u00dcbung<\/td><td>18.00 &#8211; 20.00 Uhr<\/td><\/tr><tr><td>Freitag<\/td><td>17. Juni 2026<\/td><td>Freie \u00dcbung<\/td><td>18.00 &#8211; 20.00 Uhr<\/td><\/tr><tr><td>Samstag<\/td><td>04. Juli 2026<\/td><td><strong>Thalgutschiessen<\/strong><\/td><td>ganzer Tag<\/td><\/tr><tr><td>Mittwoch<\/td><td>12. August 2026<\/td><td><strong>OP-Termin nach Sommerferien<\/strong><\/td><td>18.00 &#8211; 20.00 Uhr<\/td><\/tr><tr><td>Mittwoch<\/td><td>19. August 2026<\/td><td>Freie \u00dcbung<\/td><td>18.00 &#8211; 20.00 Uhr<\/td><\/tr><tr><td>Samstag<\/td><td>22. August 2026<\/td><td>Thalgutschiessen (Ersatzdatum)<\/td><td>ganzer Tag<\/td><\/tr><tr><td>Mittwoch<\/td><td>09. September 2026<\/td><td>Freie \u00dcbung<\/td><td>18.00 &#8211; 20.00 Uhr<\/td><\/tr><tr><td>Samstag<\/td><td>19. September 2026<\/td><td><strong>Schlussschiessen Pistolier<\/strong><\/td><td>14.00 &#8211; 16.00 Uhr<\/td><\/tr><\/tbody><\/table><\/figure>\n","protected":false},"excerpt":{"rendered":"<p>Das ist der Webauftritt der Pistolensch\u00fctzen-Gesellschaft der Stadt Bern.Alle sind herzlich willkommen mit uns Kontakt aufzunehmen und bei uns hineinzuschauen. Wir f\u00fchren Interessierte gerne in die Kunst der Konzentration und des Pistolenschiessens ein. Samstag 25. April 2026 Er\u00f6ffnungsschiessen 14.00 &#8211; 16.00 Uhr Mittwoch 06. Mai 2026 Freie \u00dcbung 18.00 &#8211; 20.00 Uhr Freitag 15. Mai &hellip; <\/p>\n<p class=\"link-more\"><a href=\"https:\/\/pistolier.ch\/wordpress\/\" class=\"more-link\"><span class=\"screen-reader-text\">&#171;Home&#187;<\/span> weiterlesen<\/a><\/p>\n","protected":false},"author":1,"featured_media":0,"parent":0,"menu_order":0,"comment_status":"closed","ping_status":"closed","template":"","meta":{"_crdt_document":"","footnotes":""},"class_list":["post-9","page","type-page","status-publish","hentry"],"yoast_head":"<!-- This site is optimized with the Yoast SEO plugin v27.4 - https:\/\/yoast.com\/product\/yoast-seo-wordpress\/ -->\n<title>Pistolensch\u00fctzen-Gesellschaft der Stadt Bern<\/title>\n<meta name=\"description\" content=\"Lerne Pistolen-Schiessen bei guter Kameradschaft im Schiessstand in M\u00fchleberg. Pistole, 25m und 50m Schiessstand in M\u00fchleberg, Kameradschaft, Konzentration, Einf\u00fchrung, F\u00f6rderung der Schiess-F\u00e4higkeiten, lernen, \u00fcben\" \/>\n<meta name=\"robots\" content=\"index, follow, max-snippet:-1, max-image-preview:large, max-video-preview:-1\" \/>\n<link rel=\"canonical\" href=\"https:\/\/pistolier.ch\/wordpress\/\" \/>\n<meta property=\"og:locale\" content=\"de_DE\" \/>\n<meta property=\"og:type\" content=\"article\" \/>\n<meta property=\"og:title\" content=\"Pistolensch\u00fctzen-Gesellschaft der Stadt Bern\" \/>\n<meta property=\"og:description\" content=\"Lerne Pistolen-Schiessen bei guter Kameradschaft im Schiessstand in M\u00fchleberg. Pistole, 25m und 50m Schiessstand in M\u00fchleberg, Kameradschaft, Konzentration, Einf\u00fchrung, F\u00f6rderung der Schiess-F\u00e4higkeiten, lernen, \u00fcben\" \/>\n<meta property=\"og:url\" content=\"https:\/\/pistolier.ch\/wordpress\/\" \/>\n<meta property=\"og:site_name\" content=\"Pistolensch\u00fctzen-Gesellschaft der Stadt Bern\" \/>\n<meta property=\"article:modified_time\" content=\"2026-03-13T14:53:35+00:00\" \/>\n<meta name=\"twitter:card\" content=\"summary_large_image\" \/>\n<meta name=\"twitter:label1\" content=\"Gesch\u00e4tzte Lesezeit\" \/>\n\t<meta name=\"twitter:data1\" content=\"1\u00a0Minute\" \/>\n<script type=\"application\/ld+json\" class=\"yoast-schema-graph\">{\"@context\":\"https:\\\/\\\/schema.org\",\"@graph\":[{\"@type\":\"WebPage\",\"@id\":\"https:\\\/\\\/pistolier.ch\\\/wordpress\\\/\",\"url\":\"https:\\\/\\\/pistolier.ch\\\/wordpress\\\/\",\"name\":\"Pistolensch\u00fctzen-Gesellschaft der Stadt Bern\",\"isPartOf\":{\"@id\":\"https:\\\/\\\/pistolier.ch\\\/wordpress\\\/#website\"},\"datePublished\":\"2018-10-21T08:05:17+00:00\",\"dateModified\":\"2026-03-13T14:53:35+00:00\",\"description\":\"Lerne Pistolen-Schiessen bei guter Kameradschaft im Schiessstand in M\u00fchleberg. Pistole, 25m und 50m Schiessstand in M\u00fchleberg, Kameradschaft, Konzentration, Einf\u00fchrung, F\u00f6rderung der Schiess-F\u00e4higkeiten, lernen, \u00fcben\",\"breadcrumb\":{\"@id\":\"https:\\\/\\\/pistolier.ch\\\/wordpress\\\/#breadcrumb\"},\"inLanguage\":\"de-CH\",\"potentialAction\":[{\"@type\":\"ReadAction\",\"target\":[\"https:\\\/\\\/pistolier.ch\\\/wordpress\\\/\"]}]},{\"@type\":\"BreadcrumbList\",\"@id\":\"https:\\\/\\\/pistolier.ch\\\/wordpress\\\/#breadcrumb\",\"itemListElement\":[{\"@type\":\"ListItem\",\"position\":1,\"name\":\"Startseite\",\"item\":\"https:\\\/\\\/pistolier.ch\\\/wordpress\\\/\"},{\"@type\":\"ListItem\",\"position\":2,\"name\":\"Home\"}]},{\"@type\":\"WebSite\",\"@id\":\"https:\\\/\\\/pistolier.ch\\\/wordpress\\\/#website\",\"url\":\"https:\\\/\\\/pistolier.ch\\\/wordpress\\\/\",\"name\":\"Pistolensch\u00fctzen-Gesellschaft der Stadt Bern\",\"description\":\"Schiessstand M\u00fchleberg\",\"publisher\":{\"@id\":\"https:\\\/\\\/pistolier.ch\\\/wordpress\\\/#organization\"},\"potentialAction\":[{\"@type\":\"SearchAction\",\"target\":{\"@type\":\"EntryPoint\",\"urlTemplate\":\"https:\\\/\\\/pistolier.ch\\\/wordpress\\\/?s={search_term_string}\"},\"query-input\":{\"@type\":\"PropertyValueSpecification\",\"valueRequired\":true,\"valueName\":\"search_term_string\"}}],\"inLanguage\":\"de-CH\"},{\"@type\":\"Organization\",\"@id\":\"https:\\\/\\\/pistolier.ch\\\/wordpress\\\/#organization\",\"name\":\"Pistolensch\u00fctzengesellschaft der Stadt Bern\",\"url\":\"https:\\\/\\\/pistolier.ch\\\/wordpress\\\/\",\"logo\":{\"@type\":\"ImageObject\",\"inLanguage\":\"de-CH\",\"@id\":\"https:\\\/\\\/pistolier.ch\\\/wordpress\\\/#\\\/schema\\\/logo\\\/image\\\/\",\"url\":\"https:\\\/\\\/pistolier.ch\\\/wordpress\\\/wp-content\\\/uploads\\\/2018\\\/10\\\/LogoPistoliers.jpg\",\"contentUrl\":\"https:\\\/\\\/pistolier.ch\\\/wordpress\\\/wp-content\\\/uploads\\\/2018\\\/10\\\/LogoPistoliers.jpg\",\"width\":486,\"height\":470,\"caption\":\"Pistolensch\u00fctzengesellschaft der Stadt Bern\"},\"image\":{\"@id\":\"https:\\\/\\\/pistolier.ch\\\/wordpress\\\/#\\\/schema\\\/logo\\\/image\\\/\"}}]}<\/script>\n<!-- \/ Yoast SEO plugin. -->","yoast_head_json":{"title":"Pistolensch\u00fctzen-Gesellschaft der Stadt Bern","description":"Lerne Pistolen-Schiessen bei guter Kameradschaft im Schiessstand in M\u00fchleberg. Pistole, 25m und 50m Schiessstand in M\u00fchleberg, Kameradschaft, Konzentration, Einf\u00fchrung, F\u00f6rderung der Schiess-F\u00e4higkeiten, lernen, \u00fcben","robots":{"index":"index","follow":"follow","max-snippet":"max-snippet:-1","max-image-preview":"max-image-preview:large","max-video-preview":"max-video-preview:-1"},"canonical":"https:\/\/pistolier.ch\/wordpress\/","og_locale":"de_DE","og_type":"article","og_title":"Pistolensch\u00fctzen-Gesellschaft der Stadt Bern","og_description":"Lerne Pistolen-Schiessen bei guter Kameradschaft im Schiessstand in M\u00fchleberg. Pistole, 25m und 50m Schiessstand in M\u00fchleberg, Kameradschaft, Konzentration, Einf\u00fchrung, F\u00f6rderung der Schiess-F\u00e4higkeiten, lernen, \u00fcben","og_url":"https:\/\/pistolier.ch\/wordpress\/","og_site_name":"Pistolensch\u00fctzen-Gesellschaft der Stadt Bern","article_modified_time":"2026-03-13T14:53:35+00:00","twitter_card":"summary_large_image","twitter_misc":{"Gesch\u00e4tzte Lesezeit":"1\u00a0Minute"},"schema":{"@context":"https:\/\/schema.org","@graph":[{"@type":"WebPage","@id":"https:\/\/pistolier.ch\/wordpress\/","url":"https:\/\/pistolier.ch\/wordpress\/","name":"Pistolensch\u00fctzen-Gesellschaft der Stadt Bern","isPartOf":{"@id":"https:\/\/pistolier.ch\/wordpress\/#website"},"datePublished":"2018-10-21T08:05:17+00:00","dateModified":"2026-03-13T14:53:35+00:00","description":"Lerne Pistolen-Schiessen bei guter Kameradschaft im Schiessstand in M\u00fchleberg. Pistole, 25m und 50m Schiessstand in M\u00fchleberg, Kameradschaft, Konzentration, Einf\u00fchrung, F\u00f6rderung der Schiess-F\u00e4higkeiten, lernen, \u00fcben","breadcrumb":{"@id":"https:\/\/pistolier.ch\/wordpress\/#breadcrumb"},"inLanguage":"de-CH","potentialAction":[{"@type":"ReadAction","target":["https:\/\/pistolier.ch\/wordpress\/"]}]},{"@type":"BreadcrumbList","@id":"https:\/\/pistolier.ch\/wordpress\/#breadcrumb","itemListElement":[{"@type":"ListItem","position":1,"name":"Startseite","item":"https:\/\/pistolier.ch\/wordpress\/"},{"@type":"ListItem","position":2,"name":"Home"}]},{"@type":"WebSite","@id":"https:\/\/pistolier.ch\/wordpress\/#website","url":"https:\/\/pistolier.ch\/wordpress\/","name":"Pistolensch\u00fctzen-Gesellschaft der Stadt Bern","description":"Schiessstand M\u00fchleberg","publisher":{"@id":"https:\/\/pistolier.ch\/wordpress\/#organization"},"potentialAction":[{"@type":"SearchAction","target":{"@type":"EntryPoint","urlTemplate":"https:\/\/pistolier.ch\/wordpress\/?s={search_term_string}"},"query-input":{"@type":"PropertyValueSpecification","valueRequired":true,"valueName":"search_term_string"}}],"inLanguage":"de-CH"},{"@type":"Organization","@id":"https:\/\/pistolier.ch\/wordpress\/#organization","name":"Pistolensch\u00fctzengesellschaft der Stadt Bern","url":"https:\/\/pistolier.ch\/wordpress\/","logo":{"@type":"ImageObject","inLanguage":"de-CH","@id":"https:\/\/pistolier.ch\/wordpress\/#\/schema\/logo\/image\/","url":"https:\/\/pistolier.ch\/wordpress\/wp-content\/uploads\/2018\/10\/LogoPistoliers.jpg","contentUrl":"https:\/\/pistolier.ch\/wordpress\/wp-content\/uploads\/2018\/10\/LogoPistoliers.jpg","width":486,"height":470,"caption":"Pistolensch\u00fctzengesellschaft der Stadt Bern"},"image":{"@id":"https:\/\/pistolier.ch\/wordpress\/#\/schema\/logo\/image\/"}}]}},"_links":{"self":[{"href":"https:\/\/pistolier.ch\/wordpress\/wp-json\/wp\/v2\/pages\/9","targetHints":{"allow":["GET"]}}],"collection":[{"href":"https:\/\/pistolier.ch\/wordpress\/wp-json\/wp\/v2\/pages"}],"about":[{"href":"https:\/\/pistolier.ch\/wordpress\/wp-json\/wp\/v2\/types\/page"}],"author":[{"embeddable":true,"href":"https:\/\/pistolier.ch\/wordpress\/wp-json\/wp\/v2\/users\/1"}],"replies":[{"embeddable":true,"href":"https:\/\/pistolier.ch\/wordpress\/wp-json\/wp\/v2\/comments?post=9"}],"version-history":[{"count":12,"href":"https:\/\/pistolier.ch\/wordpress\/wp-json\/wp\/v2\/pages\/9\/revisions"}],"predecessor-version":[{"id":875,"href":"https:\/\/pistolier.ch\/wordpress\/wp-json\/wp\/v2\/pages\/9\/revisions\/875"}],"wp:attachment":[{"href":"https:\/\/pistolier.ch\/wordpress\/wp-json\/wp\/v2\/media?parent=9"}],"curies":[{"name":"wp","href":"https:\/\/api.w.org\/{rel}","templated":true}]}}